{"id":435,"date":"2016-11-06T15:11:28","date_gmt":"2016-11-06T20:11:28","guid":{"rendered":"https:\/\/www.creationscharbonneau.com\/es\/?page_id=435"},"modified":"2016-11-12T17:00:56","modified_gmt":"2016-11-12T22:00:56","slug":"historia","status":"publish","type":"page","link":"https:\/\/www.creationscharbonneau.com\/es\/historia\/","title":{"rendered":"Historia"},"content":{"rendered":"<section class=\"wpb-content-wrapper\"><p>[vc_row row_type=\u00bbrow\u00bb use_row_as_full_screen_section=\u00bbno\u00bb type=\u00bbgrid\u00bb text_align=\u00bbcenter\u00bb padding_top=\u00bb61&#8243; padding_bottom=\u00bb77&#8243; css_animation=\u00bb\u00bb][vc_column][vc_column_text]<\/p>\n<h1>Sobre Charbonneau creaciones<\/h1>\n<p>[\/vc_column_text][\/vc_column][\/vc_row][vc_row row_type=\u00bbrow\u00bb use_row_as_full_screen_section=\u00bbno\u00bb type=\u00bbgrid\u00bb text_align=\u00bbleft\u00bb padding_bottom=\u00bb43&#8243; css_animation=\u00bb\u00bb][vc_column offset=\u00bbvc_col-md-4&#8243;][vc_single_image image=\u00bb511&#8243; img_size=\u00bbfull\u00bb alignment=\u00bbcenter\u00bb qode_css_animation=\u00bb\u00bb][vc_empty_space height=\u00bb10px\u00bb][\/vc_column][vc_column offset=\u00bbvc_col-md-4&#8243;][vc_single_image image=\u00bb515&#8243; img_size=\u00bbfull\u00bb alignment=\u00bbcenter\u00bb qode_css_animation=\u00bb\u00bb][vc_empty_space height=\u00bb10px\u00bb][\/vc_column][vc_column offset=\u00bbvc_col-md-4&#8243;][vc_single_image image=\u00bb518&#8243; img_size=\u00bbfull\u00bb alignment=\u00bbcenter\u00bb qode_css_animation=\u00bb\u00bb][vc_empty_space height=\u00bb10px\u00bb][\/vc_column][\/vc_row][vc_row row_type=\u00bbrow\u00bb use_row_as_full_screen_section=\u00bbno\u00bb type=\u00bbgrid\u00bb text_align=\u00bbcenter\u00bb padding_bottom=\u00bb106&#8243; css_animation=\u00bb\u00bb][vc_column][vc_column_text]<\/p>\n<p style=\"text-align: left;\">Establecida en 1980, Les Cr\u00e9ations Pierre Charbonneau Inc. es l\u00edder internacional en la creaci\u00f3n de objetos representativos elaborados con madera como por ejemplo colgantes, llaveros, placas, se\u00f1aladores y colecciones de regalos para ni\u00f1os.<\/p>\n<p style=\"text-align: left;\">A Pierre Charbonneau, fabricante de armarios de profesi\u00f3n, siempre le encant\u00f3 trabajar con la madera. Al principio, su pasi\u00f3n era meramente un hobby, pero adquiri\u00f3 una clientela regional y nacional en los \u00faltimos treinta a\u00f1os.<\/p>\n<p style=\"text-align: left;\">Qui\u00e9n no ha visto a alguien usar uno de sus pendientes o a una persona que posee uno de sus productos de madera tallada? Estos productos fueron elaborados en Mirabel durante los \u00faltimos 30 a\u00f1os y son demandados en toda Am\u00e9rica del Norte y Europa.<\/p>\n<p style=\"text-align: left;\">A lo largo de los a\u00f1os, la empresa desarroll\u00f3 nuevas t\u00e9cnicas para la talla en madera. Nuestras modernas instalaciones abrieron el mercado en Estados Unidos y el mercado internacional. La compra de m\u00e1quinas de control num\u00e9rico, equipos de talla, cortes con l\u00e1ser y aplicaciones de epoxi garantizan una alta calidad y aumentan la oferta de productos. Todos nuestros objetos de madera son fabricados en nuestro taller por un equipo apasionado que garantiza la calidad del producto, el cumplimiento de sus especificaciones y un servicio personalizado.<\/p>\n<p style=\"text-align: left;\">Corazones, cruces, llaveros, pendientes de madera, crucifijos, placas y piezas de madera, todos ellos se cortan en base a sus necesidades y se trabajan con precisi\u00f3n y atenci\u00f3n a los detalles. Utilizamos las siguientes maderas: maple, pino, guibourtia, cerezo negro, nogal americano, nogal negro peruano, etc. Cr\u00e9ations Pierre Charbonneau presta sus servicios a comunidades religiosas, escuelas, tiendas de regalos, todo tipo de organizaciones y empresas que venden u ofrecen los objetos.<\/p>\n<p style=\"text-align: left;\">La empresa se encuentra en crecimiento y ha adquirido los equipos de corte m\u00e1s actualizados. Cr\u00e9ations Pierre Charbonneau cuenta tanto con tecnolog\u00eda como con experiencia en cortes de madera para suministrar una variedad de objetos moldeados para satisfacer sus necesidades.<\/p>\n<p style=\"text-align: left;\">La amplia selecci\u00f3n de objetos de madera de Cr\u00e9ations Pierre Charbonneau se destaca como regalos originales y muy apreciados y estos objetos hechos a medida poseen una reputaci\u00f3n establecida. Comun\u00edquese con nosotros para todas sus necesidades en este rubro.<\/p>\n<p style=\"text-align: left;\">Les Cr\u00e9ations Pierre Charbonneau controla dos marcas, Religious, que son art\u00edculos religiosos hechos en madera para la creaci\u00f3n de varios objetos religiosos y Pegazoo que crea objetos de madera representativos personalizados.<\/p>\n<p>[\/vc_column_text][\/vc_column][\/vc_row][vc_row row_type=\u00bbrow\u00bb use_row_as_full_screen_section=\u00bbno\u00bb type=\u00bbgrid\u00bb text_align=\u00bbcenter\u00bb css_animation=\u00bb\u00bb css=\u00bb.vc_custom_1478969429302{padding-top: 20px !important;padding-right: 20px !important;padding-bottom: 20px !important;padding-left: 20px !important;background-color: #bc7136 !important;}\u00bb][vc_column width=\u00bb1\/3&#8243;][vc_empty_space][vc_column_text css=\u00bb.vc_custom_1478988025294{background-color: #e8e4dd !important;border-radius: 10px !important;}\u00bb]<\/p>\n<table class=\" aligncenter\" style=\"height: 375px;\" cellpadding=\"20\">\n<tbody>\n<tr>\n<td>\n<p style=\"margin-bottom: 25px; margin-top: 20px;\"><strong><span style=\"font-size: 16px;\">NUESTRO CONOCIMIENTO<\/span><\/strong><\/p>\n<p><span style=\"color: #993300;\">La calidad de nuestro trabajo satisfar\u00e1 su aprobaci\u00f3n ya sea que est\u00e9 comprando un pendiente, un llavero o un se\u00f1alador. Les Cr\u00e9ations Pierre Charbonneau crea objetos elaborados en madera y ofrece una gran variedad de productos para su propio placer, para presentar como obsequio o para promover su organizaci\u00f3n.<br \/>\n <\/span><\/p>\n<\/td>\n<\/tr>\n<\/tbody>\n<\/table>\n<p>&nbsp;<\/p>\n<p>[\/vc_column_text][vc_empty_space][\/vc_column][vc_column width=\u00bb1\/3&#8243;][vc_empty_space][vc_column_text css=\u00bb.vc_custom_1478988044215{background-color: #e8e4dd !important;border-radius: 10px !important;}\u00bb]<\/p>\n<table class=\" aligncenter\" style=\"height: 375px;\" cellpadding=\"20\">\n<tbody>\n<tr>\n<td>\n<p style=\"margin-bottom: 25px; margin-top: 20px;\"><strong><span style=\"font-size: 16px;\">MADERA : UN MATERIAL SORPRENDENTE<\/span><\/strong><\/p>\n<p><span style=\"color: #993300;\">Cada objeto dise\u00f1ado es una pieza \u00fanica debido al grano de la madera, a los numerosos tonos y texturas cambiantes. En nuestros talleres transformamos cada pieza de madera, para mejorar el concepto de nuestros productos. La madera es una materia prima excepcional.<\/span><\/p>\n<\/td>\n<\/tr>\n<\/tbody>\n<\/table>\n<p>&nbsp;<\/p>\n<p>[\/vc_column_text][vc_empty_space][\/vc_column][vc_column width=\u00bb1\/3&#8243;][vc_empty_space][vc_column_text css=\u00bb.vc_custom_1478988057941{background-color: #e8e4dd !important;border-radius: 10px !important;}\u00bb]<\/p>\n<table class=\" aligncenter\" style=\"height: 375px;\" cellpadding=\"20\">\n<tbody>\n<tr>\n<td>\n<p style=\"margin-bottom: 25px; margin-top: 20px;\"><strong><span style=\"font-size: 16px;\">PRODUCTOS PERSONALIZADOS<\/span><\/strong><\/p>\n<p><span style=\"color: #993300;\">Si est\u00e1 organizando un evento especial, promoviendo su identidad corporativa o para cualquier otra necesidad que requiera objetos de madera personalizados, nuestros 30 a\u00f1os de experiencia en el rubro de cortes de madera de precisi\u00f3n garantizan que estos productos expresen la importancia de su organizaci\u00f3n.<\/span><\/p>\n<\/td>\n<\/tr>\n<\/tbody>\n<\/table>\n<p>&nbsp;<\/p>\n<p>[\/vc_column_text][vc_empty_space][\/vc_column][\/vc_row]<\/p>\n<\/section>","protected":false},"excerpt":{"rendered":"<p>[vc_row row_type=\u00bbrow\u00bb use_row_as_full_screen_section=\u00bbno\u00bb type=\u00bbgrid\u00bb text_align=\u00bbcenter\u00bb padding_top=\u00bb61&#8243; padding_bottom=\u00bb77&#8243; css_animation=\u00bb\u00bb][vc_column][vc_column_text] Sobre Charbonneau creaciones [\/vc_column_text][\/vc_column][\/vc_row][vc_row row_type=\u00bbrow\u00bb use_row_as_full_screen_section=\u00bbno\u00bb type=\u00bbgrid\u00bb text_align=\u00bbleft\u00bb padding_bottom=\u00bb43&#8243; css_animation=\u00bb\u00bb][vc_column offset=\u00bbvc_col-md-4&#8243;][vc_single_image image=\u00bb511&#8243; img_size=\u00bbfull\u00bb alignment=\u00bbcenter\u00bb qode_css_animation=\u00bb\u00bb][vc_empty_space height=\u00bb10px\u00bb][\/vc_column][vc_column offset=\u00bbvc_col-md-4&#8243;][vc_single_image image=\u00bb515&#8243; img_size=\u00bbfull\u00bb alignment=\u00bbcenter\u00bb qode_css_animation=\u00bb\u00bb][vc_empty_space height=\u00bb10px\u00bb][\/vc_column][vc_column offset=\u00bbvc_col-md-4&#8243;][vc_single_image image=\u00bb518&#8243; img_size=\u00bbfull\u00bb alignment=\u00bbcenter\u00bb qode_css_animation=\u00bb\u00bb][vc_empty_space height=\u00bb10px\u00bb][\/vc_column][\/vc_row][vc_row row_type=\u00bbrow\u00bb use_row_as_full_screen_section=\u00bbno\u00bb type=\u00bbgrid\u00bb text_align=\u00bbcenter\u00bb padding_bottom=\u00bb106&#8243; css_animation=\u00bb\u00bb][vc_column][vc_column_text] Establecida en 1980,&#8230;<\/p>\n","protected":false},"author":3,"featured_media":0,"parent":0,"menu_order":0,"comment_status":"closed","ping_status":"closed","template":"full_width.php","meta":{"footnotes":""},"yoast_head":"<!-- This site is optimized with the Yoast SEO plugin v22.6 - https:\/\/yoast.com\/wordpress\/plugins\/seo\/ -->\n<title>Historia - Cr\u00e9ations Charbonneau<\/title>\n<meta name=\"robots\" content=\"index, follow, max-snippet:-1, max-image-preview:large, max-video-preview:-1\" \/>\n<link rel=\"canonical\" href=\"https:\/\/www.creationscharbonneau.com\/es\/historia\/\" \/>\n<meta property=\"og:locale\" content=\"es_ES\" \/>\n<meta property=\"og:type\" content=\"article\" \/>\n<meta property=\"og:title\" content=\"Historia - Cr\u00e9ations Charbonneau\" \/>\n<meta property=\"og:description\" content=\"[vc_row row_type=\u00bbrow\u00bb use_row_as_full_screen_section=\u00bbno\u00bb type=\u00bbgrid\u00bb text_align=\u00bbcenter\u00bb padding_top=\u00bb61&#8243; padding_bottom=\u00bb77&#8243; css_animation=\u00bb\u00bb][vc_column][vc_column_text] Sobre Charbonneau creaciones [\/vc_column_text][\/vc_column][\/vc_row][vc_row row_type=\u00bbrow\u00bb use_row_as_full_screen_section=\u00bbno\u00bb type=\u00bbgrid\u00bb text_align=\u00bbleft\u00bb padding_bottom=\u00bb43&#8243; css_animation=\u00bb\u00bb][vc_column offset=\u00bbvc_col-md-4&#8243;][vc_single_image image=\u00bb511&#8243; img_size=\u00bbfull\u00bb alignment=\u00bbcenter\u00bb qode_css_animation=\u00bb\u00bb][vc_empty_space height=\u00bb10px\u00bb][\/vc_column][vc_column offset=\u00bbvc_col-md-4&#8243;][vc_single_image image=\u00bb515&#8243; img_size=\u00bbfull\u00bb alignment=\u00bbcenter\u00bb qode_css_animation=\u00bb\u00bb][vc_empty_space height=\u00bb10px\u00bb][\/vc_column][vc_column offset=\u00bbvc_col-md-4&#8243;][vc_single_image image=\u00bb518&#8243; img_size=\u00bbfull\u00bb alignment=\u00bbcenter\u00bb qode_css_animation=\u00bb\u00bb][vc_empty_space height=\u00bb10px\u00bb][\/vc_column][\/vc_row][vc_row row_type=\u00bbrow\u00bb use_row_as_full_screen_section=\u00bbno\u00bb type=\u00bbgrid\u00bb text_align=\u00bbcenter\u00bb padding_bottom=\u00bb106&#8243; css_animation=\u00bb\u00bb][vc_column][vc_column_text] Establecida en 1980,...\" \/>\n<meta property=\"og:url\" content=\"https:\/\/www.creationscharbonneau.com\/es\/historia\/\" \/>\n<meta property=\"og:site_name\" content=\"Cr\u00e9ations Charbonneau\" \/>\n<meta property=\"article:modified_time\" content=\"2016-11-12T22:00:56+00:00\" \/>\n<meta name=\"twitter:card\" content=\"summary_large_image\" \/>\n<meta name=\"twitter:label1\" content=\"Tiempo de lectura\" \/>\n\t<meta name=\"twitter:data1\" content=\"4 minutos\" \/>\n<script type=\"application\/ld+json\" class=\"yoast-schema-graph\">{\"@context\":\"https:\/\/schema.org\",\"@graph\":[{\"@type\":\"WebPage\",\"@id\":\"https:\/\/www.creationscharbonneau.com\/es\/historia\/\",\"url\":\"https:\/\/www.creationscharbonneau.com\/es\/historia\/\",\"name\":\"Historia - Cr\u00e9ations Charbonneau\",\"isPartOf\":{\"@id\":\"https:\/\/www.creationscharbonneau.com\/#website\"},\"datePublished\":\"2016-11-06T20:11:28+00:00\",\"dateModified\":\"2016-11-12T22:00:56+00:00\",\"breadcrumb\":{\"@id\":\"https:\/\/www.creationscharbonneau.com\/es\/historia\/#breadcrumb\"},\"inLanguage\":\"es\",\"potentialAction\":[{\"@type\":\"ReadAction\",\"target\":[\"https:\/\/www.creationscharbonneau.com\/es\/historia\/\"]}]},{\"@type\":\"BreadcrumbList\",\"@id\":\"https:\/\/www.creationscharbonneau.com\/es\/historia\/#breadcrumb\",\"itemListElement\":[{\"@type\":\"ListItem\",\"position\":1,\"name\":\"Portada\",\"item\":\"https:\/\/www.creationscharbonneau.com\/es\/\"},{\"@type\":\"ListItem\",\"position\":2,\"name\":\"Historia\"}]},{\"@type\":\"WebSite\",\"@id\":\"https:\/\/www.creationscharbonneau.com\/#website\",\"url\":\"https:\/\/www.creationscharbonneau.com\/\",\"name\":\"Cr\u00e9ations Charbonneau\",\"description\":\"Cr\u00e9ateur de gravures sur bois\",\"potentialAction\":[{\"@type\":\"SearchAction\",\"target\":{\"@type\":\"EntryPoint\",\"urlTemplate\":\"https:\/\/www.creationscharbonneau.com\/?s={search_term_string}\"},\"query-input\":\"required name=search_term_string\"}],\"inLanguage\":\"es\"}]}<\/script>\n<!-- \/ Yoast SEO plugin. -->","yoast_head_json":{"title":"Historia - Cr\u00e9ations Charbonneau","robots":{"index":"index","follow":"follow","max-snippet":"max-snippet:-1","max-image-preview":"max-image-preview:large","max-video-preview":"max-video-preview:-1"},"canonical":"https:\/\/www.creationscharbonneau.com\/es\/historia\/","og_locale":"es_ES","og_type":"article","og_title":"Historia - Cr\u00e9ations Charbonneau","og_description":"[vc_row row_type=\u00bbrow\u00bb use_row_as_full_screen_section=\u00bbno\u00bb type=\u00bbgrid\u00bb text_align=\u00bbcenter\u00bb padding_top=\u00bb61&#8243; padding_bottom=\u00bb77&#8243; css_animation=\u00bb\u00bb][vc_column][vc_column_text] Sobre Charbonneau creaciones [\/vc_column_text][\/vc_column][\/vc_row][vc_row row_type=\u00bbrow\u00bb use_row_as_full_screen_section=\u00bbno\u00bb type=\u00bbgrid\u00bb text_align=\u00bbleft\u00bb padding_bottom=\u00bb43&#8243; css_animation=\u00bb\u00bb][vc_column offset=\u00bbvc_col-md-4&#8243;][vc_single_image image=\u00bb511&#8243; img_size=\u00bbfull\u00bb alignment=\u00bbcenter\u00bb qode_css_animation=\u00bb\u00bb][vc_empty_space height=\u00bb10px\u00bb][\/vc_column][vc_column offset=\u00bbvc_col-md-4&#8243;][vc_single_image image=\u00bb515&#8243; img_size=\u00bbfull\u00bb alignment=\u00bbcenter\u00bb qode_css_animation=\u00bb\u00bb][vc_empty_space height=\u00bb10px\u00bb][\/vc_column][vc_column offset=\u00bbvc_col-md-4&#8243;][vc_single_image image=\u00bb518&#8243; img_size=\u00bbfull\u00bb alignment=\u00bbcenter\u00bb qode_css_animation=\u00bb\u00bb][vc_empty_space height=\u00bb10px\u00bb][\/vc_column][\/vc_row][vc_row row_type=\u00bbrow\u00bb use_row_as_full_screen_section=\u00bbno\u00bb type=\u00bbgrid\u00bb text_align=\u00bbcenter\u00bb padding_bottom=\u00bb106&#8243; css_animation=\u00bb\u00bb][vc_column][vc_column_text] Establecida en 1980,...","og_url":"https:\/\/www.creationscharbonneau.com\/es\/historia\/","og_site_name":"Cr\u00e9ations Charbonneau","article_modified_time":"2016-11-12T22:00:56+00:00","twitter_card":"summary_large_image","twitter_misc":{"Tiempo de lectura":"4 minutos"},"schema":{"@context":"https:\/\/schema.org","@graph":[{"@type":"WebPage","@id":"https:\/\/www.creationscharbonneau.com\/es\/historia\/","url":"https:\/\/www.creationscharbonneau.com\/es\/historia\/","name":"Historia - Cr\u00e9ations Charbonneau","isPartOf":{"@id":"https:\/\/www.creationscharbonneau.com\/#website"},"datePublished":"2016-11-06T20:11:28+00:00","dateModified":"2016-11-12T22:00:56+00:00","breadcrumb":{"@id":"https:\/\/www.creationscharbonneau.com\/es\/historia\/#breadcrumb"},"inLanguage":"es","potentialAction":[{"@type":"ReadAction","target":["https:\/\/www.creationscharbonneau.com\/es\/historia\/"]}]},{"@type":"BreadcrumbList","@id":"https:\/\/www.creationscharbonneau.com\/es\/historia\/#breadcrumb","itemListElement":[{"@type":"ListItem","position":1,"name":"Portada","item":"https:\/\/www.creationscharbonneau.com\/es\/"},{"@type":"ListItem","position":2,"name":"Historia"}]},{"@type":"WebSite","@id":"https:\/\/www.creationscharbonneau.com\/#website","url":"https:\/\/www.creationscharbonneau.com\/","name":"Cr\u00e9ations Charbonneau","description":"Cr\u00e9ateur de gravures sur bois","potentialAction":[{"@type":"SearchAction","target":{"@type":"EntryPoint","urlTemplate":"https:\/\/www.creationscharbonneau.com\/?s={search_term_string}"},"query-input":"required name=search_term_string"}],"inLanguage":"es"}]}},"_links":{"self":[{"href":"https:\/\/www.creationscharbonneau.com\/es\/wp-json\/wp\/v2\/pages\/435"}],"collection":[{"href":"https:\/\/www.creationscharbonneau.com\/es\/wp-json\/wp\/v2\/pages"}],"about":[{"href":"https:\/\/www.creationscharbonneau.com\/es\/wp-json\/wp\/v2\/types\/page"}],"author":[{"embeddable":true,"href":"https:\/\/www.creationscharbonneau.com\/es\/wp-json\/wp\/v2\/users\/3"}],"replies":[{"embeddable":true,"href":"https:\/\/www.creationscharbonneau.com\/es\/wp-json\/wp\/v2\/comments?post=435"}],"version-history":[{"count":13,"href":"https:\/\/www.creationscharbonneau.com\/es\/wp-json\/wp\/v2\/pages\/435\/revisions"}],"predecessor-version":[{"id":913,"href":"https:\/\/www.creationscharbonneau.com\/es\/wp-json\/wp\/v2\/pages\/435\/revisions\/913"}],"wp:attachment":[{"href":"https:\/\/www.creationscharbonneau.com\/es\/wp-json\/wp\/v2\/media?parent=435"}],"curies":[{"name":"wp","href":"https:\/\/api.w.org\/{rel}","templated":true}]}}